{"id":63,"date":"2019-01-23T19:50:27","date_gmt":"2019-01-23T18:50:27","guid":{"rendered":"http:\/\/diverholics.de\/?page_id=63"},"modified":"2019-01-23T19:51:21","modified_gmt":"2019-01-23T18:51:21","slug":"impressum","status":"publish","type":"page","link":"https:\/\/diverholics.de\/?page_id=63","title":{"rendered":"Impressum"},"content":{"rendered":"\n<p><strong>Impressum<\/strong><\/p>\n\n\n\n<p>Kontaktdaten:<\/p>\n\n\n\n<p><strong>Diverholics e.V.<\/strong><br>Im Schlosspark 19<br>87700 Memmingen<br>Tel: 083319613580<br>Mobil: 01728206571<\/p>\n\n\n\n<p>Vertreten durch:<br>Alleinvertretungsberechtigt durch Freundorfer Markus<\/p>\n\n\n\n<p>1.Vorsitzender<br>Herr <strong>Markus Freundorfer<\/strong><br>Im Schlosspark 19<br>87700 Memmingen<br>Tel: 083319613580<br>Mobil: 01728206571<br>markusfreundorfer@gmail.com<\/p>\n\n\n\n<p>2.Vorsitzende<br>Herr <strong>Klaus Hagen<\/strong><br>Bilgeristr. 22<br>87700 Memmingen<br>Tel: &#8212;<br>Mobil: 017667578957<br>klaus@hagenistonline.de<\/p>\n\n\n\n<p>3.Vorsitzender<br>Herr <strong>Horst Wegele<\/strong><br>Richthofenstr. 6<br>87700 Memmingen<br>horst.wegele@gmail.com<br>Tel: 08331\/48697<br>Mobil: 0179\/6826711<\/p>\n\n\n\n<p>Das Impressum gilt f\u00fcr http:\/\/www.diverholics.de &amp;&nbsp;https:\/\/diverholics.hagenistonline.de<\/p>\n\n\n\n<p>Eingetragen im Amtsgericht <strong>Ulm<\/strong> im Vereinsregister<br>unter der Nummer: <strong>720427<\/strong><\/p>\n\n\n\n<p>USt-ID: gem. \u00a7 27a UStG: &#8230;&#8230;<br>WirtschaftsID: gem. \u00a7 139c AO: &#8230;&#8230;<\/p>\n\n\n\n<p>Verband: &#8230;<\/p>\n\n\n\n<p>Verantwortliche f\u00fcr journalistisch-redaktionelle Inhalte iSd. \u00a7 55 II RStV:<br><strong>Klaus Hagen<\/strong> (Webmaster)<br>klaus.hagen@diverholics.de<br>Tel.: +49 (0)176\/67578957<\/p>\n\n\n\n<p>Haftungsau\u00dfchlu\u00df:<br>Haftung f\u00fcr Inhalte<br>Die Inhalte dieser Seiten wurden mit gr\u00f6\u00dfter Sorgfalt erstellt. F\u00fcr die Richtigkeit, Vollst\u00e4ndigkeit und Aktualit\u00e4t der Inhalte k\u00f6nnen wir jedoch keine Gew\u00e4hr \u00fcbernehmen. Als Diensteanbieter sind wir gem\u00e4\u00df \u00a7 7 Abs.1 TMG f\u00fcr eigene Inhalte auf diesen Seiten nach den allgemeinen Gesetzen verantwortlich. Nach \u00a7\u00a7 8 bis 10 TMG sind wir als Diensteanbieter jedoch nicht verpflichtet, \u00fcbermittelte oder gespeicherte fremde Informationen zu \u00fcberwachen oder nach Umst\u00e4nden zu forschen, die auf eine rechtswidrige T\u00e4tigkeit hinweisen. Verpflichtungen zur Entfernung oder Sperrung der Nutzung von Informationen nach den allgemeinen Gesetzen bleiben hiervon unber\u00fchrt. Eine diesbez\u00fcgliche Haftung ist jedoch erst ab dem Zeitpunkt der Kenntnis einer konkreten Rechtsverletzung m\u00f6glich. Bei Bekanntwerden von entsprechenden Rechtsverletzungen werden wir diese Inhalte umgehend entfernen.<\/p>\n\n\n\n<p>Haftung f\u00fcr Links<br>Dieses Angebot enth\u00e4lt Links zu externen Webseiten Dritter, auf deren Inhalte ich keinen Einflu\u00df habe. Deshalb kann ich f\u00fcr diese fremden Inhalte auch keine Gew\u00e4hr \u00fcbernehmen. F\u00fcr die Inhalte der verlinkten Seiten ist stets der jeweilige Anbieter oder Betreiber der Seiten verantwortlich. Die verlinkten Seiten wurden zum Zeitpunkt der Verlinkung auf m\u00f6gliche Rechtsverst\u00f6\u00dfe \u00fcberpr\u00fcft. Rechtswidrige Inhalte waren zum Zeitpunkt der Verlinkung nicht erkennbar. Eine permanente inhaltliche Kontrolle der verlinkten Seiten ist jedoch ohne konkrete Anhaltspunkte einer Rechtsverletzung nicht zumutbar. Bei Bekanntwerden von Rechtsverletzungen werden wir derartige Links umgehend entfernen.<\/p>\n\n\n\n<p>Urheberrecht<br>Die durch die Seitenbetreiber erstellten Inhalte und Werke auf diesen Seiten unterliegen dem deutschen Urheberrecht. Die Vervielf\u00e4ltigung, Bearbeitung, Verbreitung und jede Art der Verwertung au\u00dferhalb der Grenzen des Urheberrechtes bed\u00fcrfen der schriftlichen Zustimmung des jeweiligen Autors bzw. Erstellers. Downloads und Kopien dieser Seite sind nur f\u00fcr den privaten, nicht kommerziellen Gebrauch gestattet. Soweit die Inhalte auf dieser Seite nicht vom Betreiber erstellt wurden, werden die Urheberrechte Dritter beachtet. Insbesondere werden Inhalte Dritter als solche gekennzeichnet. Sollten Sie trotzdem auf eine Urheberrechtsverletzung aufmerksam werden, bitten wir um einen entsprechenden Hinweis. Bei Bekanntwerden von Rechtsverletzungen werden wir derartige Inhalte umgehend entfernen.<\/p>\n\n\n\n<p>Datenschutz<br>Die Nutzung unserer Webseite ist in der Regel ohne Angabe personenbezogener Daten m\u00f6glich. Soweit auf unseren Seiten personenbezogene Daten (beispielsweise Name, Anschrift oder eMail-Adre\u00dfen) erhoben werden, erfolgt dies, soweit m\u00f6glich, stets auf freiwilliger Basis. Diese Daten werden ohne Ihre ausdr\u00fcckliche Zustimmung nicht an Dritte weitergegeben.<\/p>\n","protected":false},"excerpt":{"rendered":"<p>Impressum Kontaktdaten: Diverholics e.V.Im Schlosspark 1987700 MemmingenTel: 083319613580Mobil: 01728206571 Vertreten durch:Alleinvertretungsberechtigt durch Freundorfer Markus 1.VorsitzenderHerr Markus FreundorferIm Schlosspark 1987700 MemmingenTel: 083319613580Mobil: 01728206571markusfreundorfer@gmail.com 2.VorsitzendeHerr Klaus HagenBilgeristr. 2287700 MemmingenTel: &#8212;Mobil: 017667578957klaus@hagenistonline.de 3.VorsitzenderHerr Horst WegeleRichthofenstr. 687700 Memmingenhorst.wegele@gmail.comTel: 08331\/48697Mobil: 0179\/6826711 Das Impressum gilt f\u00fcr http:\/\/www.diverholics.de &amp;&nbsp;https:\/\/diverholics.hagenistonline.de Eingetragen im Amtsgericht Ulm im Vereinsregisterunter der Nummer: 720427 USt-ID: gem. \u00a7 27a &hellip; <\/p>\n<p class=\"link-more\"><a href=\"https:\/\/diverholics.de\/?page_id=63\" class=\"more-link\"><span class=\"screen-reader-text\">\u201eImpressum\u201c <\/span>weiterlesen<\/a><\/p>\n","protected":false},"author":3,"featured_media":0,"parent":0,"menu_order":0,"comment_status":"closed","ping_status":"closed","template":"","meta":{"footnotes":""},"class_list":["post-63","page","type-page","status-publish","hentry"],"jetpack_shortlink":"https:\/\/wp.me\/PaAym3-11","jetpack-related-posts":[{"id":67,"url":"https:\/\/diverholics.de\/?page_id=67","url_meta":{"origin":63,"position":0},"title":"Kontakt","author":"Klaus Hagen","date":"23\/01\/2019","format":false,"excerpt":"Kontakt Diverholics e.V.Im Schlosspark 1987700 Memmingenemail: diverholics.ev@gmail.com 1. Vorstand: Herr Markus Freundorfer \/ 017282065712. Vorstand: Herr Klaus Hagen \/ 0176675789573. Vorstand: Herr Horst Wegele \/ 01796826711Schatzmeister: Frau Miriam BalkheimerSchriftf\u00fchrer: Frau Eva DeckerAusbildungsleiter: Herr Horst WegeleTrainingsleiter: Herr Klaus HagenJugendwart: Herr Horst WegeleDatenschutzbeauftragter: Herr Klaus HagenWebmaster: Herr Klaus Hagen Anfrage wird an\u00a0diverholics.ev@gmail.com\u2026","rel":"","context":"\u00c4hnlicher Beitrag","block_context":{"text":"\u00c4hnlicher Beitrag","link":""},"img":{"alt_text":"","src":"","width":0,"height":0},"classes":[]},{"id":71,"url":"https:\/\/diverholics.de\/?page_id=71","url_meta":{"origin":63,"position":1},"title":"Ausbildung","author":"Klaus Hagen","date":"23\/01\/2019","format":false,"excerpt":"Ausbildung Wir machen Tauchausbildung mit unseren Partner Tauschulen Tauchschule Memmingen - Horst Wegele-\u00a0http:\/\/www.tauchschule-memmingen.de Die Ausbildung zum Tauchen kann man auf unterschiedliche Art und Weise machen. Letztlich ist entscheidend, da\u00df sowohl in der Theorie als auch in der Praxis das n\u00f6tige Handwerkszeug vermittelt wird. Tauchausbildung ist Vertrauen\u00dfache zwischen Sch\u00fcler und Lehrer.\u2026","rel":"","context":"\u00c4hnlicher Beitrag","block_context":{"text":"\u00c4hnlicher Beitrag","link":""},"img":{"alt_text":"","src":"","width":0,"height":0},"classes":[]},{"id":64,"url":"https:\/\/diverholics.de\/?page_id=64","url_meta":{"origin":63,"position":2},"title":"Datenschutz","author":"Klaus Hagen","date":"23\/01\/2019","format":false,"excerpt":"Datenschutzbeauftragter: Herr Klaus HagenBilgeristr. 2287700 MemmingenTel: \u2014Mobil: 017667578957klaus@hagenistonline.de Datenschutz:Die Nutzung unserer Webseite ist in der Regel ohne Angabe personenbezogener Daten m\u00f6glich. Soweit auf unseren Seiten personenbezogene Daten (beispielsweise Name, Anschrift oder eMail-Adressen) erhoben werden, erfolgt dies, soweit m\u00f6glich, stets auf freiwilliger Basis. Diese Daten werden ohne Ihre ausdr\u00fcckliche Zustimmung nicht\u2026","rel":"","context":"\u00c4hnlicher Beitrag","block_context":{"text":"\u00c4hnlicher Beitrag","link":""},"img":{"alt_text":"","src":"","width":0,"height":0},"classes":[]}],"jetpack_sharing_enabled":true,"_links":{"self":[{"href":"https:\/\/diverholics.de\/index.php?rest_route=\/wp\/v2\/pages\/63","targetHints":{"allow":["GET"]}}],"collection":[{"href":"https:\/\/diverholics.de\/index.php?rest_route=\/wp\/v2\/pages"}],"about":[{"href":"https:\/\/diverholics.de\/index.php?rest_route=\/wp\/v2\/types\/page"}],"author":[{"embeddable":true,"href":"https:\/\/diverholics.de\/index.php?rest_route=\/wp\/v2\/users\/3"}],"replies":[{"embeddable":true,"href":"https:\/\/diverholics.de\/index.php?rest_route=%2Fwp%2Fv2%2Fcomments&post=63"}],"version-history":[{"count":1,"href":"https:\/\/diverholics.de\/index.php?rest_route=\/wp\/v2\/pages\/63\/revisions"}],"predecessor-version":[{"id":66,"href":"https:\/\/diverholics.de\/index.php?rest_route=\/wp\/v2\/pages\/63\/revisions\/66"}],"wp:attachment":[{"href":"https:\/\/diverholics.de\/index.php?rest_route=%2Fwp%2Fv2%2Fmedia&parent=63"}],"curies":[{"name":"wp","href":"https:\/\/api.w.org\/{rel}","templated":true}]}}