{"id":64,"date":"2019-01-23T19:51:09","date_gmt":"2019-01-23T18:51:09","guid":{"rendered":"http:\/\/diverholics.de\/?page_id=64"},"modified":"2019-01-23T19:51:09","modified_gmt":"2019-01-23T18:51:09","slug":"datenschutz","status":"publish","type":"page","link":"https:\/\/diverholics.de\/?page_id=64","title":{"rendered":"Datenschutz"},"content":{"rendered":"\n<h2 class=\"wp-block-heading\">Datenschutzbeauftragter:<\/h2>\n\n\n\n<p>Herr <strong>Klaus Hagen<\/strong><br>Bilgeristr. 22<br>87700 Memmingen<br>Tel: \u2014<br>Mobil: 017667578957<br>klaus@hagenistonline.de<\/p>\n\n\n\n<p>Datenschutz:<br>Die Nutzung unserer Webseite ist in der Regel ohne Angabe personenbezogener Daten m\u00f6glich. Soweit auf unseren Seiten personenbezogene Daten (beispielsweise Name, Anschrift oder eMail-Adressen) erhoben werden, erfolgt dies, soweit m\u00f6glich, stets auf freiwilliger Basis. Diese Daten werden ohne Ihre ausdr\u00fcckliche Zustimmung nicht an Dritte weitergegeben.<\/p>\n\n\n\n<p>SSL-Verschl\u00fcsselung:<br>Um die Sicherheit Ihrer Daten bei der \u00dcbertragung zu sch\u00fctzen, verwenden wir dem aktuellen Stand der Technik entsprechende Verschl\u00fcsselungsverfahren (z. B. SSL) \u00fcber HTTPS f\u00fcr die Seiten diverholics.de und diverholics.hagenistonline.de<\/p>\n\n\n\n<p>WordPress Plugins:<br>Akismet Anti-Spam Plugin, Jetpack, Facebook-Events, Photo-Gallery<\/p>\n\n\n\n<p>Amazon Affiliate Programm:<br>nicht in Verwendung<\/p>\n\n\n\n<p>Analyse Tools f\u00fcr Webseiten Besucherstrommessung:<br>Jetpack und Google Analytics<\/p>\n\n\n\n<p>Nutzung von Sozialen Medien:<br><a href=\"https:\/\/www.facebook.com\/pg\/diverholicsev\" target=\"_blank\" rel=\"noreferrer noopener\">Facebook<\/a>&nbsp;,&nbsp;<a href=\"https:\/\/www.instagram.com\/explore\/tags\/diverholics\/\" target=\"_blank\" rel=\"noreferrer noopener\">Instagram<\/a>, Whatsapp<br>(siehe separate Datenschutzerkl\u00e4rung f\u00fcr unsere Facebook)<\/p>\n\n\n\n<p>Internet Werbung:<br>nicht in Verwendung<\/p>\n\n\n\n<p>Online Marketing:<br>nicht in Verwendung<\/p>\n\n\n\n<p>Software:<br>Mein Verein(Buhl\/Wiso), Google-Drive, Google-Kalender<\/p>\n\n\n\n<h3 class=\"wp-block-heading\">\u00c4nderung unserer Datenschutzbestimmungen<\/h3>\n\n\n\n<p>Wir behalten uns vor, diese Datenschutzerkl\u00e4rung gelegentlich anzupassen, damit sie stets den aktuellen rechtlichen Anforderungen entspricht oder um \u00c4nderungen unserer Leistungen in der Datenschutzerkl\u00e4rung umzusetzen, z. B. bei der Einf\u00fchrung neuer Services. F\u00fcr Ihren erneuten Besuch gilt dann die neue Datenschutzerkl\u00e4rung.<\/p>\n\n\n\n<h2 class=\"wp-block-heading\" id=\"js_4f\">Datenschutzerkl\u00e4rung f\u00fcr unsere Facebook-Seite<\/h2>\n\n\n\n<p>\n\n\nWir greifen f\u00fcr den hier angebotenen Informationsdienst auf die technische Plattform und die Dienste der Facebook Ireland Ltd., 4 Grand Canal Square Grand Canal Harbour, Dublin 2, Ireland zur\u00fcck.\n\n\n\n\nWir weisen dich darauf hin, dass du diese Facebook-Seite und ihre Funktionen in eigener Verantwortung nutzt. Dies gilt insbesondere f\u00fcr die Nutzung der interaktiven Funktionen (z.B. Kommentieren, Teilen, Bewerten). Alternativ kannst du die \u00fcber diese Seite angebotenen Informationen auch auf unserem Internet-Angebot unter <a href=\"https:\/\/l.facebook.com\/l.php?u=http%3A%2F%2Fwww.diverholics.de%2F&amp;h=AT1X0LiU1PNJkhP4ulfoy4Iq0sQCMLJYSB9h1yMqI5YS3wTPyoVYegx-iU0KpMIk2Hsy9PVH-z0C15s9a8C7ncAIDqsC3J82DTXuvRSDgWStTJKsXiuoRl4RmqEUtRincxlyhA\" target=\"_blank\" rel=\"noreferrer noopener\">www.diverholics.de<\/a> abfrufen.\nBeim Besuch unserer Facebook-Seite erfasst Facebook u.a deine IP-Adresse sowie weitere Informationen, die in Form von Cookies auf deinem PC vorhanden sind. Diese Informationen werden verwendet, um uns als Betreiber der Facebook-Seiten statistische Informationen \u00fcber die Inanspruchnahme der Facebook-Seite zur Verf\u00fcgung zu stellen. N\u00e4here Informationen hierzu stellt Facebook unter folgendem Link zur Verf\u00fcgung: <a href=\"http:\/\/de-de.facebook.com\/help\/pages\/insights\">http:\/\/de-de.facebook.com\/help\/pages\/insights<\/a>.\nDie in diesem Zusammenhang \u00fcber dich erhobenen Daten werden von der Facebook Ltd. verarbeitet und dabei gegebenenfalls in L\u00e4nder au\u00dferhalb der Europ\u00e4ischen Union \u00fcbertragen. Welche Informationen Facebook erh\u00e4lt und wie diese verwendet werden, beschreibt Facebook in allgemeiner Form in seinen Datenverwendungsrichtlinien. Dort findest du auch Informationen \u00fcber Kontaktm\u00f6glichkeiten zu Facebook sowie zu den Einstellm\u00f6glichkeiten f\u00fcr Werbeanzeigen. Die Datenverwendungsrichtlinien sind unter folgendem Link verf\u00fcgbar:\n<a href=\"http:\/\/de-de.facebook.com\/about\/privacy\">http:\/\/de-de.facebook.com\/about\/privacy<\/a>\nDie vollst\u00e4ndigen Datenrichtlinien von Facebook findest du hier:\n<a href=\"https:\/\/de-de.facebook.com\/full_data_use_policy\">https:\/\/de-de.facebook.com\/full_data_use_policy<\/a>\nIn welcher Weise Facebook die Daten aus dem Besuch von Facebook-Seiten f\u00fcr eigene Zwecke verwendet, in welchem Umfang Aktivit\u00e4ten auf der Facebook-Seite einzelnen Nutzern zugeordnet werden, wie lange Facebook diese Daten speichert und ob Daten aus einem Besuch der Facebook-Seite an Dritte weitergegeben werden, wird von Facebook nicht abschlie\u00dfend und klar benannt und ist uns nicht bekannt.\nBeim Zugriff auf eine Facebook-Seite wird die deinem Endger\u00e4t zugeteilte IP-Adresse an Facebook \u00fcbermittelt. Nach Auskunft von Facebook wird diese IP-Adresse anonymisiert (bei &#8222;deutschen&#8220; IP-Adressen) und nach 90 Tagen gel\u00f6scht. Facebook speichert dar\u00fcber hinaus Informationen \u00fcber die Endger\u00e4te seiner Nutzer (z.B. im Rahmen der Funktion \u201eAnmeldebenachrichtigung\u201c); gegebenenfalls ist Facebook damit eine Zuordnung von IP- Adressen zu einzelnen Nutzern m\u00f6glich.\nWenn du als Nutzerin oder Nutzer aktuell bei Facebook angemeldet bist, befindet sich auf deinem Endger\u00e4t ein Cookie mit deiner Facebook-Kennung. Dadurch ist Facebook in der Lage nachzuvollziehen, dass du diese Seite aufgesucht und wie du sie genutzt hast. Dies gilt auch f\u00fcr alle anderen Facebook-Seiten. \u00dcber in Webseiten eingebundene Facebook-Buttons ist es Facebook m\u00f6glich, deine Besuche auf diesen Webseiten Seiten zu erfassen und deinem Facebook-Profil zuzuordnen. Anhand dieser Daten k\u00f6nnen Inhalte oder Werbung auf dich zugeschnitten angeboten werden.\nWenn Sie dies vermeiden m\u00f6chten, solltest du sich bei Facebook abmelden bzw. die Funktion &#8222;angemeldet bleiben&#8220; deaktivieren, die auf deinem Ger\u00e4t vorhandenen Cookies l\u00f6schen und deinen Browser beenden und neu starten. Auf diese Weise werden Facebook-Informationen, \u00fcber die du unmittelbar identifiziert werden kannst, gel\u00f6scht. Damit kannst du unsere Facebook-Seite nutzen, ohne dass deine Facebook-Kennung offenbart wird. Wenn du auf interaktive Funktionen der Seite zugreifst (Gef\u00e4llt mir, Kommentieren, Teilen, Nachrichten etc.), erscheint eine Facebook-Anmeldemaske. Nach einer etwaigen Anmeldung bist du f\u00fcr Facebook erneut als bestimmte\/r Nutzerin\/Nutzer erkennbar.\nInformationen dazu, wie du die \u00fcber dich vorhandenen Informationen verwalten oder l\u00f6schen kannst, findest du auf folgenden Facebook Support-Seiten:\n<a href=\"https:\/\/de-de.facebook.com\/about\/privacy\">https:\/\/de-de.facebook.com\/about\/privacy#<\/a>\nWir als Anbieter des Informationsdienstes erheben und verarbeiten dar\u00fcber hinaus keine Daten aus deiner Nutzung unseres Dienstes.\nDiese Datenschutzerkl\u00e4rung findest du in der jeweils geltenden Fassung unter dem Punkt \u201eDatenschutz\u201c auf unserer Facebook-Seite.\nBei Fragen kannst du uns erreichen unter:\nFreundorfer Markus Im Schlosspark 19 D-87700 Memmingen\nTel. +49 (0)8331-9613580 E-Mail: diverholics.ev@google.com\nQuelle: Muster-Datenschutzerkl\u00e4rung f\u00fcr eine Pr\u00e4senz auf facebook.com (Facebook-Seite) Der Landesbeauftragte f\u00fcr den Datenschutz und die Informationsfreiheit Rheinland Pfalz Link:ht<a href=\"http:\/\/s.rlp.de\/hpA\" target=\"_blank\" rel=\"noreferrer noopener\">tps:\/\/www.datenschutz.rlp.de\/fileadmin\/lfdi\/Dokumente\/Muster_Datenschutzerklaerung_Facebook.pdf<\/a><\/p>\n","protected":false},"excerpt":{"rendered":"<p>Datenschutzbeauftragter: Herr Klaus HagenBilgeristr. 2287700 MemmingenTel: \u2014Mobil: 017667578957klaus@hagenistonline.de Datenschutz:Die Nutzung unserer Webseite ist in der Regel ohne Angabe personenbezogener Daten m\u00f6glich. Soweit auf unseren Seiten personenbezogene Daten (beispielsweise Name, Anschrift oder eMail-Adressen) erhoben werden, erfolgt dies, soweit m\u00f6glich, stets auf freiwilliger Basis. Diese Daten werden ohne Ihre ausdr\u00fcckliche Zustimmung nicht an Dritte weitergegeben. SSL-Verschl\u00fcsselung:Um die &hellip; <\/p>\n<p class=\"link-more\"><a href=\"https:\/\/diverholics.de\/?page_id=64\" class=\"more-link\"><span class=\"screen-reader-text\">\u201eDatenschutz\u201c <\/span>weiterlesen<\/a><\/p>\n","protected":false},"author":3,"featured_media":0,"parent":0,"menu_order":0,"comment_status":"closed","ping_status":"closed","template":"","meta":{"footnotes":""},"class_list":["post-64","page","type-page","status-publish","hentry"],"jetpack_shortlink":"https:\/\/wp.me\/PaAym3-12","jetpack-related-posts":[{"id":63,"url":"https:\/\/diverholics.de\/?page_id=63","url_meta":{"origin":64,"position":0},"title":"Impressum","author":"Klaus Hagen","date":"23\/01\/2019","format":false,"excerpt":"Impressum Kontaktdaten: Diverholics e.V.Im Schlosspark 1987700 MemmingenTel: 083319613580Mobil: 01728206571 Vertreten durch:Alleinvertretungsberechtigt durch Freundorfer Markus 1.VorsitzenderHerr Markus FreundorferIm Schlosspark 1987700 MemmingenTel: 083319613580Mobil: 01728206571markusfreundorfer@gmail.com 2.VorsitzendeHerr Klaus HagenBilgeristr. 2287700 MemmingenTel: ---Mobil: 017667578957klaus@hagenistonline.de 3.VorsitzenderHerr Horst WegeleRichthofenstr. 687700 Memmingenhorst.wegele@gmail.comTel: 08331\/48697Mobil: 0179\/6826711 Das Impressum gilt f\u00fcr http:\/\/www.diverholics.de &\u00a0https:\/\/diverholics.hagenistonline.de Eingetragen im Amtsgericht Ulm im Vereinsregisterunter der Nummer:\u2026","rel":"","context":"\u00c4hnlicher Beitrag","block_context":{"text":"\u00c4hnlicher Beitrag","link":""},"img":{"alt_text":"","src":"","width":0,"height":0},"classes":[]},{"id":71,"url":"https:\/\/diverholics.de\/?page_id=71","url_meta":{"origin":64,"position":1},"title":"Ausbildung","author":"Klaus Hagen","date":"23\/01\/2019","format":false,"excerpt":"Ausbildung Wir machen Tauchausbildung mit unseren Partner Tauschulen Tauchschule Memmingen - Horst Wegele-\u00a0http:\/\/www.tauchschule-memmingen.de Die Ausbildung zum Tauchen kann man auf unterschiedliche Art und Weise machen. Letztlich ist entscheidend, da\u00df sowohl in der Theorie als auch in der Praxis das n\u00f6tige Handwerkszeug vermittelt wird. Tauchausbildung ist Vertrauen\u00dfache zwischen Sch\u00fcler und Lehrer.\u2026","rel":"","context":"\u00c4hnlicher Beitrag","block_context":{"text":"\u00c4hnlicher Beitrag","link":""},"img":{"alt_text":"","src":"","width":0,"height":0},"classes":[]},{"id":75,"url":"https:\/\/diverholics.de\/?page_id=75","url_meta":{"origin":64,"position":2},"title":"Tauchverein","author":"Klaus Hagen","date":"23\/01\/2019","format":false,"excerpt":"Ein Tauchclub stellt sich vor...Der Tauchverein Diverholics e.V. wurde 2014 gegr\u00fcndet und hat den Status der Gemeinn\u00fctzigkeit. Derzeit haben wir ca. 30 aktive Mitglieder. (Stand: 11.Nov 2014)Jeden Montag treffen wir uns um 20.00 Uhr im Erolzheimer Hallenbad, zum Schwimmen, Schnorcheln und Tauchen. Au\u00dferdem machen wir fachgerechte und gr\u00fcndliche Tauchausbildung sowie\u2026","rel":"","context":"\u00c4hnlicher Beitrag","block_context":{"text":"\u00c4hnlicher Beitrag","link":""},"img":{"alt_text":"","src":"","width":0,"height":0},"classes":[]}],"jetpack_sharing_enabled":true,"_links":{"self":[{"href":"https:\/\/diverholics.de\/index.php?rest_route=\/wp\/v2\/pages\/64","targetHints":{"allow":["GET"]}}],"collection":[{"href":"https:\/\/diverholics.de\/index.php?rest_route=\/wp\/v2\/pages"}],"about":[{"href":"https:\/\/diverholics.de\/index.php?rest_route=\/wp\/v2\/types\/page"}],"author":[{"embeddable":true,"href":"https:\/\/diverholics.de\/index.php?rest_route=\/wp\/v2\/users\/3"}],"replies":[{"embeddable":true,"href":"https:\/\/diverholics.de\/index.php?rest_route=%2Fwp%2Fv2%2Fcomments&post=64"}],"version-history":[{"count":1,"href":"https:\/\/diverholics.de\/index.php?rest_route=\/wp\/v2\/pages\/64\/revisions"}],"predecessor-version":[{"id":65,"href":"https:\/\/diverholics.de\/index.php?rest_route=\/wp\/v2\/pages\/64\/revisions\/65"}],"wp:attachment":[{"href":"https:\/\/diverholics.de\/index.php?rest_route=%2Fwp%2Fv2%2Fmedia&parent=64"}],"curies":[{"name":"wp","href":"https:\/\/api.w.org\/{rel}","templated":true}]}}