{"id":71,"date":"2019-01-23T19:55:15","date_gmt":"2019-01-23T18:55:15","guid":{"rendered":"http:\/\/diverholics.de\/?page_id=71"},"modified":"2020-02-17T22:16:47","modified_gmt":"2020-02-17T21:16:47","slug":"ausbildung","status":"publish","type":"page","link":"https:\/\/diverholics.de\/?page_id=71","title":{"rendered":"Ausbildung"},"content":{"rendered":"\n<p><strong>Ausbildung<\/strong><\/p>\n\n\n\n<p>Wir machen Tauchausbildung mit unseren Partner Tauschulen<\/p>\n\n\n\n<p><strong>Tauchschule Memmingen &#8211; Horst Wegele-&nbsp;<a href=\"http:\/\/www.tauchschule-memmingen.de\/\" target=\"_blank\" rel=\"noreferrer noopener\">http:\/\/www.tauchschule-memmingen.de<\/a><\/strong><\/p>\n\n\n\n<p>Die Ausbildung zum Tauchen kann man auf unterschiedliche Art und Weise machen. Letztlich ist entscheidend, da\u00df sowohl in der Theorie als auch in der Praxis das n\u00f6tige Handwerkszeug vermittelt wird. Tauchausbildung ist Vertrauen\u00dfache zwischen Sch\u00fcler und Lehrer. Nat\u00fcrlich kann man sein Brevet auch im Urlaub erwerben &#8211; aber das Brevet in der Hand macht noch keinen Taucher! Und eine Hand voll Tauchg\u00e4nge mit dem Tauchlehrer im klaren Meer macht noch nicht sicher.<br>Ich biete Euch intensiven Unterricht ohne Sprachbarrieren und Praxiserfahrungen im Wasser, die Euch fit machen die Zeit unter Wasser auch wirklich zu genie\u00dfen!<br>Die Ausbildung in der Tauchschule Memmingen erfolgt nach CMAS (Confederation Mondiale des Activites Subaquatiques)<br>Die CMAS wurde als Weltsportverband in Monaco gegr\u00fcndet. Der VDST (Verband Deutscher Sporttaucher) ist das einzige deutsche Mitglied des Verbands. Die Brevetierung ist ebenso weltweit anerkannt, wie die Brevets der bekannteren amerikanischen Organisationen.<\/p>\n\n\n\n<p>Horst Wegele<br>Richthofenstr. 6<br>87700 Memmingen<br>horst.wegele@gmail.com<br>+49 179 6826711 <br><\/p>\n\n\n\n<p><strong>Tauchschule Subamarine Ulm &#8211; Jens K\u00f6ppe &#8211;\u00a0<a rel=\"noreferrer noopener\" href=\"http:\/\/www.scubamarine.de\/\" target=\"_blank\">http:\/\/www.scubamarine.de<\/a><\/strong><\/p>\n\n\n\n<p>Bei Scubamarine lernt Ihr tauchen! Wenn Ihr Freude am Wassersport habt, seid bei der Tauchschule Scubamarine in Ulm richtig! Unserer Tauchkurse finden in einer entspannten Atmosph\u00e4re statt. Einer Umgebung, die zum Weitermachen animiert und Dich immer wieder neu zu begeistern vermag. Alle Tauchkurse vom Einsteiger Open Water Diver bis zum Tauchprofi Divemaster f\u00fchren wir in kleinen Gruppen durch. Wir erf\u00fcllen die Standards der Tauchorganisationen PADI und SSI. Unser zweites Standbein ist das Freitauchen oder auch Apnoe genannt. Hast Du Lust das Tauchen in seiner urspr\u00fcnglichen Art kennen zu lernen? Dann bist du bei uns richtig<\/p>\n\n\n\n<p>Jens K\u00f6ppe<br>Steubenweg 2<br>89077 Ulm, Germany<br> team@scubamarine.de<br>+49 731 \u2013 36 08 150 <\/p>\n\n\n\n<p><strong>Tauchschule Allg\u00e4u Kempten &#8211; Andreas Kalkbrenner<\/strong><\/p>\n\n\n\n<p> Andreas Kalkbrenner<br> Hinter den G\u00e4rten 30<br> D-87789\u00a0Woringen<br><a href=\"mailto:a.kalkbrenner@hotmail.de\">a.kalkbrenner@hotmail.de<\/a><br> +49 162 2875427 <\/p>\n","protected":false},"excerpt":{"rendered":"<p>Ausbildung Wir machen Tauchausbildung mit unseren Partner Tauschulen Tauchschule Memmingen &#8211; Horst Wegele-&nbsp;http:\/\/www.tauchschule-memmingen.de Die Ausbildung zum Tauchen kann man auf unterschiedliche Art und Weise machen. Letztlich ist entscheidend, da\u00df sowohl in der Theorie als auch in der Praxis das n\u00f6tige Handwerkszeug vermittelt wird. Tauchausbildung ist Vertrauen\u00dfache zwischen Sch\u00fcler und Lehrer. Nat\u00fcrlich kann man sein Brevet &hellip; <\/p>\n<p class=\"link-more\"><a href=\"https:\/\/diverholics.de\/?page_id=71\" class=\"more-link\"><span class=\"screen-reader-text\">\u201eAusbildung\u201c <\/span>weiterlesen<\/a><\/p>\n","protected":false},"author":3,"featured_media":0,"parent":0,"menu_order":0,"comment_status":"closed","ping_status":"closed","template":"","meta":{"footnotes":""},"class_list":["post-71","page","type-page","status-publish","hentry"],"jetpack_shortlink":"https:\/\/wp.me\/PaAym3-19","jetpack-related-posts":[{"id":63,"url":"https:\/\/diverholics.de\/?page_id=63","url_meta":{"origin":71,"position":0},"title":"Impressum","author":"Klaus Hagen","date":"23\/01\/2019","format":false,"excerpt":"Impressum Kontaktdaten: Diverholics e.V.Im Schlosspark 1987700 MemmingenTel: 083319613580Mobil: 01728206571 Vertreten durch:Alleinvertretungsberechtigt durch Freundorfer Markus 1.VorsitzenderHerr Markus FreundorferIm Schlosspark 1987700 MemmingenTel: 083319613580Mobil: 01728206571markusfreundorfer@gmail.com 2.VorsitzendeHerr Klaus HagenBilgeristr. 2287700 MemmingenTel: ---Mobil: 017667578957klaus@hagenistonline.de 3.VorsitzenderHerr Horst WegeleRichthofenstr. 687700 Memmingenhorst.wegele@gmail.comTel: 08331\/48697Mobil: 0179\/6826711 Das Impressum gilt f\u00fcr http:\/\/www.diverholics.de &\u00a0https:\/\/diverholics.hagenistonline.de Eingetragen im Amtsgericht Ulm im Vereinsregisterunter der Nummer:\u2026","rel":"","context":"\u00c4hnlicher Beitrag","block_context":{"text":"\u00c4hnlicher Beitrag","link":""},"img":{"alt_text":"","src":"","width":0,"height":0},"classes":[]},{"id":75,"url":"https:\/\/diverholics.de\/?page_id=75","url_meta":{"origin":71,"position":1},"title":"Tauchverein","author":"Klaus Hagen","date":"23\/01\/2019","format":false,"excerpt":"Ein Tauchclub stellt sich vor...Der Tauchverein Diverholics e.V. wurde 2014 gegr\u00fcndet und hat den Status der Gemeinn\u00fctzigkeit. Derzeit haben wir ca. 30 aktive Mitglieder. (Stand: 11.Nov 2014)Jeden Montag treffen wir uns um 20.00 Uhr im Erolzheimer Hallenbad, zum Schwimmen, Schnorcheln und Tauchen. Au\u00dferdem machen wir fachgerechte und gr\u00fcndliche Tauchausbildung sowie\u2026","rel":"","context":"\u00c4hnlicher Beitrag","block_context":{"text":"\u00c4hnlicher Beitrag","link":""},"img":{"alt_text":"","src":"","width":0,"height":0},"classes":[]},{"id":64,"url":"https:\/\/diverholics.de\/?page_id=64","url_meta":{"origin":71,"position":2},"title":"Datenschutz","author":"Klaus Hagen","date":"23\/01\/2019","format":false,"excerpt":"Datenschutzbeauftragter: Herr Klaus HagenBilgeristr. 2287700 MemmingenTel: \u2014Mobil: 017667578957klaus@hagenistonline.de Datenschutz:Die Nutzung unserer Webseite ist in der Regel ohne Angabe personenbezogener Daten m\u00f6glich. Soweit auf unseren Seiten personenbezogene Daten (beispielsweise Name, Anschrift oder eMail-Adressen) erhoben werden, erfolgt dies, soweit m\u00f6glich, stets auf freiwilliger Basis. Diese Daten werden ohne Ihre ausdr\u00fcckliche Zustimmung nicht\u2026","rel":"","context":"\u00c4hnlicher Beitrag","block_context":{"text":"\u00c4hnlicher Beitrag","link":""},"img":{"alt_text":"","src":"","width":0,"height":0},"classes":[]}],"jetpack_sharing_enabled":true,"_links":{"self":[{"href":"https:\/\/diverholics.de\/index.php?rest_route=\/wp\/v2\/pages\/71","targetHints":{"allow":["GET"]}}],"collection":[{"href":"https:\/\/diverholics.de\/index.php?rest_route=\/wp\/v2\/pages"}],"about":[{"href":"https:\/\/diverholics.de\/index.php?rest_route=\/wp\/v2\/types\/page"}],"author":[{"embeddable":true,"href":"https:\/\/diverholics.de\/index.php?rest_route=\/wp\/v2\/users\/3"}],"replies":[{"embeddable":true,"href":"https:\/\/diverholics.de\/index.php?rest_route=%2Fwp%2Fv2%2Fcomments&post=71"}],"version-history":[{"count":4,"href":"https:\/\/diverholics.de\/index.php?rest_route=\/wp\/v2\/pages\/71\/revisions"}],"predecessor-version":[{"id":1164,"href":"https:\/\/diverholics.de\/index.php?rest_route=\/wp\/v2\/pages\/71\/revisions\/1164"}],"wp:attachment":[{"href":"https:\/\/diverholics.de\/index.php?rest_route=%2Fwp%2Fv2%2Fmedia&parent=71"}],"curies":[{"name":"wp","href":"https:\/\/api.w.org\/{rel}","templated":true}]}}