{"id":73,"date":"2019-01-23T19:55:45","date_gmt":"2019-01-23T18:55:45","guid":{"rendered":"http:\/\/diverholics.de\/?page_id=73"},"modified":"2019-01-23T19:55:45","modified_gmt":"2019-01-23T18:55:45","slug":"partner","status":"publish","type":"page","link":"https:\/\/diverholics.de\/?page_id=73","title":{"rendered":"Partner"},"content":{"rendered":"\n<p>\n\nHorst Wegele &#8211; Tauchschule Memmingen &#8211; <a href=\"http:\/\/www.tauchschule-memmingen.de\">http:\/\/www.tauchschule-memmingen.de<\/a><br>Klaus Hagen &#8211; Blog4diver &#8211; <a href=\"http:\/\/www.hagenistonline.de\">http:\/\/www.hagenistonline.de<\/a><br>Jens K\u00f6ppe &#8211; Tauschule Ulm &#8211; <a href=\"http:\/\/www.scubamarine.de\">http:\/\/www.scubamarine.de<\/a><\/p>\n","protected":false},"excerpt":{"rendered":"<p>Horst Wegele &#8211; Tauchschule Memmingen &#8211; http:\/\/www.tauchschule-memmingen.deKlaus Hagen &#8211; Blog4diver &#8211; http:\/\/www.hagenistonline.deJens K\u00f6ppe &#8211; Tauschule Ulm &#8211; http:\/\/www.scubamarine.de<\/p>\n","protected":false},"author":3,"featured_media":0,"parent":0,"menu_order":0,"comment_status":"closed","ping_status":"closed","template":"","meta":{"footnotes":""},"class_list":["post-73","page","type-page","status-publish","hentry"],"jetpack_shortlink":"https:\/\/wp.me\/PaAym3-1b","jetpack-related-posts":[{"id":71,"url":"https:\/\/diverholics.de\/?page_id=71","url_meta":{"origin":73,"position":0},"title":"Ausbildung","author":"Klaus Hagen","date":"23\/01\/2019","format":false,"excerpt":"Ausbildung Wir machen Tauchausbildung mit unseren Partner Tauschulen Tauchschule Memmingen - Horst Wegele-\u00a0http:\/\/www.tauchschule-memmingen.de Die Ausbildung zum Tauchen kann man auf unterschiedliche Art und Weise machen. Letztlich ist entscheidend, da\u00df sowohl in der Theorie als auch in der Praxis das n\u00f6tige Handwerkszeug vermittelt wird. Tauchausbildung ist Vertrauen\u00dfache zwischen Sch\u00fcler und Lehrer.\u2026","rel":"","context":"\u00c4hnlicher Beitrag","block_context":{"text":"\u00c4hnlicher Beitrag","link":""},"img":{"alt_text":"","src":"","width":0,"height":0},"classes":[]},{"id":64,"url":"https:\/\/diverholics.de\/?page_id=64","url_meta":{"origin":73,"position":1},"title":"Datenschutz","author":"Klaus Hagen","date":"23\/01\/2019","format":false,"excerpt":"Datenschutzbeauftragter: Herr Klaus HagenBilgeristr. 2287700 MemmingenTel: \u2014Mobil: 017667578957klaus@hagenistonline.de Datenschutz:Die Nutzung unserer Webseite ist in der Regel ohne Angabe personenbezogener Daten m\u00f6glich. Soweit auf unseren Seiten personenbezogene Daten (beispielsweise Name, Anschrift oder eMail-Adressen) erhoben werden, erfolgt dies, soweit m\u00f6glich, stets auf freiwilliger Basis. Diese Daten werden ohne Ihre ausdr\u00fcckliche Zustimmung nicht\u2026","rel":"","context":"\u00c4hnlicher Beitrag","block_context":{"text":"\u00c4hnlicher Beitrag","link":""},"img":{"alt_text":"","src":"","width":0,"height":0},"classes":[]},{"id":63,"url":"https:\/\/diverholics.de\/?page_id=63","url_meta":{"origin":73,"position":2},"title":"Impressum","author":"Klaus Hagen","date":"23\/01\/2019","format":false,"excerpt":"Impressum Kontaktdaten: Diverholics e.V.Im Schlosspark 1987700 MemmingenTel: 083319613580Mobil: 01728206571 Vertreten durch:Alleinvertretungsberechtigt durch Freundorfer Markus 1.VorsitzenderHerr Markus FreundorferIm Schlosspark 1987700 MemmingenTel: 083319613580Mobil: 01728206571markusfreundorfer@gmail.com 2.VorsitzendeHerr Klaus HagenBilgeristr. 2287700 MemmingenTel: ---Mobil: 017667578957klaus@hagenistonline.de 3.VorsitzenderHerr Horst WegeleRichthofenstr. 687700 Memmingenhorst.wegele@gmail.comTel: 08331\/48697Mobil: 0179\/6826711 Das Impressum gilt f\u00fcr http:\/\/www.diverholics.de &\u00a0https:\/\/diverholics.hagenistonline.de Eingetragen im Amtsgericht Ulm im Vereinsregisterunter der Nummer:\u2026","rel":"","context":"\u00c4hnlicher Beitrag","block_context":{"text":"\u00c4hnlicher Beitrag","link":""},"img":{"alt_text":"","src":"","width":0,"height":0},"classes":[]}],"jetpack_sharing_enabled":true,"_links":{"self":[{"href":"https:\/\/diverholics.de\/index.php?rest_route=\/wp\/v2\/pages\/73","targetHints":{"allow":["GET"]}}],"collection":[{"href":"https:\/\/diverholics.de\/index.php?rest_route=\/wp\/v2\/pages"}],"about":[{"href":"https:\/\/diverholics.de\/index.php?rest_route=\/wp\/v2\/types\/page"}],"author":[{"embeddable":true,"href":"https:\/\/diverholics.de\/index.php?rest_route=\/wp\/v2\/users\/3"}],"replies":[{"embeddable":true,"href":"https:\/\/diverholics.de\/index.php?rest_route=%2Fwp%2Fv2%2Fcomments&post=73"}],"version-history":[{"count":1,"href":"https:\/\/diverholics.de\/index.php?rest_route=\/wp\/v2\/pages\/73\/revisions"}],"predecessor-version":[{"id":74,"href":"https:\/\/diverholics.de\/index.php?rest_route=\/wp\/v2\/pages\/73\/revisions\/74"}],"wp:attachment":[{"href":"https:\/\/diverholics.de\/index.php?rest_route=%2Fwp%2Fv2%2Fmedia&parent=73"}],"curies":[{"name":"wp","href":"https:\/\/api.w.org\/{rel}","templated":true}]}}